{"id":240,"date":"2020-05-15T02:50:05","date_gmt":"2020-05-15T01:50:05","guid":{"rendered":"https:\/\/digusto.pt\/?page_id=240"},"modified":"2020-05-15T03:07:39","modified_gmt":"2020-05-15T02:07:39","slug":"politica-de-privacidade","status":"publish","type":"page","link":"https:\/\/digusto.pt\/en\/politica-de-privacidade\/","title":{"rendered":"Privacy Policy"},"content":{"rendered":"<h4>Informa\u00e7\u00e3o sobre o tratamento de dados pessoais<\/h4>\n<p>No\u00a0<strong>Restaurant Di Gusto<\/strong>\u00a0a privacidade e a prote\u00e7\u00e3o dos dados pessoais dos seus clientes e dos demais titulares de dados pessoais s\u00e3o fundamentais.<\/p>\n<p>Saiba como tratamos os seus dados, com quem os partilhamos, durante quanto tempo os conservamos, bem como as formas de entrar em contacto com o <strong>Restaurant Di Gusto<\/strong>\u00a0e de exercer os seus direitos.<\/p>\n<p>Para saber mais sobre como usamos Cookies, consulte a nossa\u00a0<a href=\"https:\/\/digusto.pt\/politica-de-cookies\/\"><em><strong>Cookie Policy<\/strong><\/em><\/a>.<\/p>\n<h4>Quem \u00e9 o respons\u00e1vel pelos seus dados pessoais?<\/h4>\n<p><strong>Restaurant Di Gusto<\/strong>, com sede na Rua Eng. Ant\u00f3nio Jos\u00e9 Souto Barreiros Mota, em Santar\u00e9m, com o N\u00ba de Contribuinte 508751713, \u00e9 o respons\u00e1vel pelo tratamento dos seus dados pessoais.<\/p>\n<h4>Que categorias de dados tratamos?<\/h4>\n<p>Apenas recolhemos e tratamos os dados pessoais necess\u00e1rios para lhe prestar um servi\u00e7o de qualidade e o mais personalizado poss\u00edvel, enquanto Servi\u00e7o de Restaurante e Takeaway. N\u00e3o tratamos dados pessoais que n\u00e3o sejam necess\u00e1rios \u00e0 presta\u00e7\u00e3o de servi\u00e7os acordada ou aos produtos adquiridos.<\/p>\n<p>Na presta\u00e7\u00e3o dos servi\u00e7os e na oferta de produtos, procedemos ou poderemos proceder ao tratamento de v\u00e1rias categorias de dados pessoais, incluindo:<\/p>\n<ul>\n<li>Dados demogr\u00e1ficos (e.g., nome, g\u00e9nero, naturalidade, data de nascimento, nacionalidade);<\/li>\n<li>Dados de contacto (e.g., morada, telefone, endere\u00e7o de correio eletr\u00f3nico);<\/li>\n<li>Dados familiares (e.g., estado civil, n\u00famero de filhos);<\/li>\n<\/ul>\n<h4>Raz\u00f5es pelas quais tratamos os seus dados e em que situa\u00e7\u00f5es<\/h4>\n<p><strong>Apenas tratamos os seus dados pessoais nas seguintes situa\u00e7\u00f5es:<\/strong><\/p>\n<ul>\n<li>Para a execu\u00e7\u00e3o de um contrato celebrado consigo, ou<\/li>\n<li>Para o cumprimento de obriga\u00e7\u00f5es legais a que estejamos sujeitos, ou<\/li>\n<li>Para satisfa\u00e7\u00e3o de interesses leg\u00edtimos da nossa empresa, ou<\/li>\n<li>Quando tenha dado o seu consentimento pr\u00e9vio e expresso<\/li>\n<\/ul>\n<h4>Com quem partilhamos os seus dados?<\/h4>\n<p>Para que consigamos cumprir todos os nossos deveres e lhe possamos prestar o melhor servi\u00e7o e produtos poss\u00edveis, poderemos ter que comunicar ou dar acesso aos seus dados pessoais a outras entidades.<\/p>\n<p>Apenas comunicaremos os seus dados pessoais \u00e0s seguintes categorias de destinat\u00e1rios:<\/p>\n<ul>\n<li>Prestadores de servi\u00e7os que prestem servi\u00e7os \u00e0 nossa empresa(e.g., servi\u00e7os de transporte ao domic\u00edlio), e<\/li>\n<li>Autoridades p\u00fablicas, como as Autoridades Tribut\u00e1rias, o Banco de Portugal, o Banco Central Europeu, a Comiss\u00e3o de Mercado de Valores Mobili\u00e1rios ou Tribunais Judiciais ou Administrativos.<\/li>\n<\/ul>\n<h4>Per\u00edodo de conserva\u00e7\u00e3o dos seus dados pessoais<\/h4>\n<p>Apenas conservamos e tratamos os seus dados pessoais para os fins acima indicados durante o per\u00edodo de tempo que se revele necess\u00e1rio ou obrigat\u00f3rio para o cumprimento desses fins, aplicando crit\u00e9rios de reten\u00e7\u00e3o da informa\u00e7\u00e3o apropriados a cada tratamento e em linha com as obriga\u00e7\u00f5es legais e regulamentares aplic\u00e1veis.<\/p>\n<h4>Quais os seus direitos e como pode exerc\u00ea-los?<\/h4>\n<p>Ao titular dos dados assiste, nos termos da lei aplic\u00e1vel, os seguintes direitos:<\/p>\n<ul>\n<li>Direito de acesso;<\/li>\n<li>Direito de retifica\u00e7\u00e3o;<\/li>\n<li>Direito ao apagamento;<\/li>\n<li>Direito \u00e0 limita\u00e7\u00e3o do tratamento;<\/li>\n<li>Direito \u00e0 portabilidade;<\/li>\n<li>Direito de oposi\u00e7\u00e3o;<\/li>\n<li>Direito de n\u00e3o ficar sujeito a decis\u00f5es individuais exclusivamente automatizadas;<\/li>\n<li>Direito a retirar o seu consentimento;<\/li>\n<li>Direito de apresentar reclama\u00e7\u00f5es junto da autoridade de controlo<\/li>\n<\/ul>\n<p><strong>Pode exercer os seus direitos atrav\u00e9s dos seguintes canais:<\/strong><\/p>\n<ul>\n<li><strong>Presencial<\/strong>: pode exercer os seus direitos dirigindo-se \u00e0s instala\u00e7\u00f5es de um dos restaurantes associados;<\/li>\n<li><strong>E-mail<\/strong>: pode exercer os seus direitos atrav\u00e9s de e-mail, para os endere\u00e7os disponibilizados na p\u00e1gina de contatos;<\/li>\n<li><strong>Carta<\/strong>: pode exercer os seus direitos atrav\u00e9s de carta, dirigida a um dos restaurantes associados e enviada para as moradas disponibilizadas na p\u00e1gina de contatos.<\/li>\n<\/ul>\n<p>Pode tamb\u00e9m apresentar uma reclama\u00e7\u00e3o junto da autoridade da prote\u00e7\u00e3o de dados para o seu pa\u00eds ou regi\u00e3o ou se ocorrer uma alegada infra\u00e7\u00e3o das leis da prote\u00e7\u00e3o de dados aplic\u00e1vel em <em><a href=\"https:\/\/ec.europa.eu\/newsroom\/article29\/item-detail.cfm?item_id=612080\">Http:\/\/Ec.Europa.Eu\/Newsroom\/Article29\/Item-Detail.Cfm?Item_id=612080<\/a><\/em>.<\/p>\n<h4>Pontos de Contacto e Encarregado da Prote\u00e7\u00e3o de dados<\/h4>\n<p>Sempre que tiver alguma d\u00favida acerca do tratamento que damos aos seus dados, ou das informa\u00e7\u00f5es que lhe foram prestadas, pode contactar connosco pelos meios supra-citados ou usar a nossa\u00a0<strong><em>P\u00e1gina De Contatos<\/em><\/strong>.<\/p>\n<h4>Sobre esta Pol\u00edtica de Privacidade<\/h4>\n<p>Esta pol\u00edtica de privacidade pode ser alterada a qualquer momento, de acordo com a legisla\u00e7\u00e3o ou desenvolvimentos do sector. N\u00e3o informaremos explicitamente os utilizadores do site sobre estas altera\u00e7\u00f5es. Recomendamos que verifique esta p\u00e1gina ocasionalmente quanto a altera\u00e7\u00f5es na pol\u00edtica de privacidade.<\/p>","protected":false},"excerpt":{"rendered":"<p>Informa\u00e7\u00e3o sobre o tratamento de dados pessoais No\u00a0Restaurante Di Gusto\u00a0a privacidade e a prote\u00e7\u00e3o dos dados pessoais dos seus clientes e dos demais titulares de dados pessoais s\u00e3o fundamentais. Saiba<\/p>","protected":false},"author":1,"featured_media":0,"parent":0,"menu_order":0,"comment_status":"closed","ping_status":"closed","template":"","meta":{"footnotes":""},"aioseo_notices":[],"_links":{"self":[{"href":"https:\/\/digusto.pt\/en\/wp-json\/wp\/v2\/pages\/240"}],"collection":[{"href":"https:\/\/digusto.pt\/en\/wp-json\/wp\/v2\/pages"}],"about":[{"href":"https:\/\/digusto.pt\/en\/wp-json\/wp\/v2\/types\/page"}],"author":[{"embeddable":true,"href":"https:\/\/digusto.pt\/en\/wp-json\/wp\/v2\/users\/1"}],"replies":[{"embeddable":true,"href":"https:\/\/digusto.pt\/en\/wp-json\/wp\/v2\/comments?post=240"}],"version-history":[{"count":0,"href":"https:\/\/digusto.pt\/en\/wp-json\/wp\/v2\/pages\/240\/revisions"}],"wp:attachment":[{"href":"https:\/\/digusto.pt\/en\/wp-json\/wp\/v2\/media?parent=240"}],"curies":[{"name":"wp","href":"https:\/\/api.w.org\/{rel}","templated":true}]}}