{"id":248,"date":"2020-05-15T03:06:57","date_gmt":"2020-05-15T02:06:57","guid":{"rendered":"https:\/\/digusto.pt\/?page_id=248"},"modified":"2022-12-17T14:45:14","modified_gmt":"2022-12-17T14:45:14","slug":"politica-de-cookies","status":"publish","type":"page","link":"https:\/\/digusto.pt\/en\/politica-de-cookies\/","title":{"rendered":"Cookie Policy"},"content":{"rendered":"<h4>AVISO SOBRE COOKIES<\/h4>\n<p>Quando visita o nosso website\u00a0<strong>digusto.pt<\/strong>, \u00e9-lhe atribu\u00eddo um \u201ccookie\u201d, e o seu computador recebe um n\u00famero de ID. Um cookie \u00e9 um pequeno arquivo comummente usado que rastreia as prefer\u00eancias individuais de um utilizador e \u00e9 capaz de melhorar a sua visita ao site.<\/p>\n<p>Os cookies permitem-nos proporcionar uma experi\u00eancia personalizada sem que o visitante tenha de nos lembrar das suas prefer\u00eancias sempre que visita o <strong>digusto.pt<\/strong>.<\/p>\n<p>O n\u00famero ID permite-nos registar a sua sess\u00e3o, para que o possamos ajudar melhor caso necessite de algum servi\u00e7o ou apoio individualizado. Ao introduzir as informa\u00e7\u00f5es pessoais no <strong>digusto.pt<\/strong>, associamos o seu n\u00famero ID \u00e0s suas informa\u00e7\u00f5es de contacto para que o possamos reconhecer numa futura visita. Tamb\u00e9m o utilizamos para encontrar informa\u00e7\u00f5es que poder\u00e3o ser particularmente interessantes para si.<\/p>\n<p>Se iniciar uma sess\u00e3o como utilizador registado, os nossos cookies podem recolher dados pessoais para efeitos de marketing e para tornar os conte\u00fados dispon\u00edveis em <strong>digusto.pt<\/strong>\u00a0mais relevantes e mais f\u00e1ceis de utilizar. N\u00e3o partilhamos a sua atividade com quaisquer terceiros, nem recolhemos informa\u00e7\u00f5es de outros sites que possa visitar.<\/p>\n<p>Para saber mais sobre como usamos os seus dados pessoais, consulte a nossa\u00a0<a href=\"https:\/\/digusto.pt\/politica-de-privacidade\/\"><strong>Privacy Policy<\/strong><\/a>.<\/p>\n<h4>UTILIZAMOS COOKIES PARA V\u00c1RIOS FINS:<\/h4>\n<p><strong>OPERA\u00c7\u00d5ES ESTRITAMENTE NECESS\u00c1RIAS<\/strong><\/p>\n<p>Estes cookies s\u00e3o estritamente necess\u00e1rios para nos permitir operar o <strong>digusto.pt<\/strong>, servi\u00e7os online ou aplica\u00e7\u00f5es interativas. Se os bloquear atrav\u00e9s das defini\u00e7\u00f5es do seu navegador, n\u00e3o podemos garantir de que forma o nosso site, servi\u00e7os online ou aplica\u00e7\u00f5es interativas ir\u00e3o funcionar para si.<\/p>\n<p>Estes cookies n\u00e3o recolhem nenhuma informa\u00e7\u00e3o sobre si que possa ser utilizada para fins de marketing ou monitoriza\u00e7\u00e3o do seu hist\u00f3rico de navega\u00e7\u00e3o noutros sites, servi\u00e7os ou aplica\u00e7\u00f5es.<\/p>\n<p><strong>FUNCIONAL \/ ESTRITAMENTE NECESS\u00c1RIOS<\/strong><\/p>\n<p>Utilizamos cookies e outras tecnologias para honrar as escolhas que fez sobre como gostaria que o <strong>digusto.pt<\/strong>\u00a0funcionasse quando acede ao mesmo.<\/p>\n<p>Por exemplo, utilizamos cookies funcionais para recordar os seus dados pessoais, como a sua prefer\u00eancia de idioma quando nos visita para lhe conceder uma experi\u00eancia mais pr\u00e1tica e personalizada.<\/p>\n<p>Estes cookies n\u00e3o s\u00e3o estritamente necess\u00e1rios, mas consideramo-los de extrema import\u00e2ncia para o bom funcionamento do nosso website.<\/p>\n<p><strong>DESEMPENHO\/AN\u00c1LISE\/ESTAT\u00cdSTICAS<\/strong><\/p>\n<p>Usamos cookies, de forma an\u00f3nima, que n\u00e3o identificam o utilizador, para:<\/p>\n<ul>\n<li>analisar o desempenho do <strong>digusto.pt<\/strong>;<\/li>\n<li>manter, operar e melhorar continuamente o <strong>digusto.pt<\/strong>; e<\/li>\n<li>recolher e manter dados agregados do <strong>digusto.pt<\/strong>\u00a0(tais como o n\u00famero de visitantes), o que nos ajuda a ver que \u00e1reas s\u00e3o mais ou menos populares junto dos nossos utilizadores. Entre outras coisas, isso ajuda-nos a melhorar e a atualizar o site, com base em dados como o n\u00famero total de visitantes e de p\u00e1ginas visualizadas.<\/li>\n<\/ul>\n<p>Por exemplo, podemos obter informa\u00e7\u00f5es das comunica\u00e7\u00f5es por si solicitadas. Isto informa-nos sobre a efic\u00e1cia das nossas comunica\u00e7\u00f5es e ajuda-nos a prestar informa\u00e7\u00f5es que consideramos interessantes.<\/p>\n<p>Estes cookies n\u00e3o s\u00e3o estritamente necess\u00e1rios.<\/p>\n<p><strong>MARKETING<\/strong><\/p>\n<p>In the store, or to access services is required for creating user profiles for sending advertising or to track a user on a website or on multiple websites for marketing purposes are similar.<\/p>\n<p>Estes cookies n\u00e3o s\u00e3o estritamente necess\u00e1rios.<\/p>\n<h4>GERIR AS SUAS DEFINI\u00c7\u00d5ES DE COOKIES<\/h4>\n<p>O utilizador pode permitir, bloquear ou eliminar os cookies instalados no seu equipamento atrav\u00e9s da configura\u00e7\u00e3o das op\u00e7\u00f5es do navegador instalado no seu computador. Por favor, leia atentamente a sec\u00e7\u00e3o de ajuda do seu navegador para saber mais informa\u00e7\u00f5es sobre como ativar o \u201cmodo privado\u201d ou desbloquear determinados cookies.<\/p>\n<ul>\n<li><strong>Internet Explorer:<\/strong>\u00a0Ferramentas -&gt; Op\u00e7\u00f5es de Internet -&gt; Privacidade -&gt; Configura\u00e7\u00e3o.<br \/>Para mais informa\u00e7\u00f5es, pode consultar o suporte da Microsoft ou a Ajuda do navegador.<\/li>\n<li><strong>Firefox:<\/strong>\u00a0Ferramentas -&gt; Op\u00e7\u00f5es -&gt; Privacidade -&gt; Historial -&gt; Configura\u00e7\u00e3o Personalizada.<br \/>Para mais informa\u00e7\u00f5es, pode consultar o apoio da Mozilla ou a Ajuda do navegador.<\/li>\n<li><strong>Chrome:<\/strong>\u00a0Configura\u00e7\u00e3o -&gt; Mostrar op\u00e7\u00f5es avan\u00e7adas -&gt; Privacidade -&gt; Configura\u00e7\u00e3o de conte\u00fado.<br \/>Para mais informa\u00e7\u00f5es, pode consultar o centro de ajuda do Google ou a Ajuda do navegador.<\/li>\n<li><strong>Safari:<\/strong>\u00a0Prefer\u00eancias -&gt; Seguran\u00e7a.<br \/>Para mais informa\u00e7\u00f5es, pode consultar o suporte da Apple ou a Ajuda do navegador.<\/li>\n<\/ul>\n<p>Pode, a qualquer momento, redefinir as suas prefer\u00eancias de Cookies no nosso Website, nas op\u00e7\u00f5es abaixo:<\/p>\n<div id=\"cmplz-manage-consent-container-nojavascript\">You have loaded the Cookie Policy without javascript support.&nbsp;On AMP, you can use the manage consent button on the bottom of the page.<\/div><div id=\"cmplz-manage-consent-container\" name=\"cmplz-manage-consent-container\" class=\"cmplz-manage-consent-container\"><\/div>\n<p>\u00a0<\/p>\n\n\n<p><\/p>","protected":false},"excerpt":{"rendered":"<p>AVISO SOBRE COOKIES Quando visita o nosso website\u00a0digusto.pt, \u00e9-lhe atribu\u00eddo um \u201ccookie\u201d, e o seu computador recebe um n\u00famero de ID. Um cookie \u00e9 um pequeno arquivo comummente usado que<\/p>","protected":false},"author":1,"featured_media":0,"parent":0,"menu_order":0,"comment_status":"closed","ping_status":"closed","template":"","meta":{"footnotes":""},"aioseo_notices":[],"_links":{"self":[{"href":"https:\/\/digusto.pt\/en\/wp-json\/wp\/v2\/pages\/248"}],"collection":[{"href":"https:\/\/digusto.pt\/en\/wp-json\/wp\/v2\/pages"}],"about":[{"href":"https:\/\/digusto.pt\/en\/wp-json\/wp\/v2\/types\/page"}],"author":[{"embeddable":true,"href":"https:\/\/digusto.pt\/en\/wp-json\/wp\/v2\/users\/1"}],"replies":[{"embeddable":true,"href":"https:\/\/digusto.pt\/en\/wp-json\/wp\/v2\/comments?post=248"}],"version-history":[{"count":5,"href":"https:\/\/digusto.pt\/en\/wp-json\/wp\/v2\/pages\/248\/revisions"}],"predecessor-version":[{"id":12969,"href":"https:\/\/digusto.pt\/en\/wp-json\/wp\/v2\/pages\/248\/revisions\/12969"}],"wp:attachment":[{"href":"https:\/\/digusto.pt\/en\/wp-json\/wp\/v2\/media?parent=248"}],"curies":[{"name":"wp","href":"https:\/\/api.w.org\/{rel}","templated":true}]}}