{"id":321,"date":"2020-05-15T20:03:06","date_gmt":"2020-05-15T19:03:06","guid":{"rendered":"https:\/\/digusto.pt\/?page_id=321"},"modified":"2020-05-15T20:05:31","modified_gmt":"2020-05-15T19:05:31","slug":"alergenicos","status":"publish","type":"page","link":"https:\/\/digusto.pt\/en\/alergenicos\/","title":{"rendered":"Allergenics"},"content":{"rendered":"<div id=\"pl-gb321-6a01dbdc22290\"  class=\"panel-layout\" ><div id=\"pg-gb321-6a01dbdc22290-0\"  class=\"panel-grid panel-no-style\" ><div id=\"pgc-gb321-6a01dbdc22290-0-0\"  class=\"panel-grid-cell\" ><div id=\"panel-gb321-6a01dbdc22290-0-0-0\" class=\"so-panel widget widget_sow-editor panel-first-child panel-last-child\" data-index=\"0\" ><div\n\t\t\t\n\t\t\tclass=\"so-widget-sow-editor so-widget-sow-editor-base\"\n\t\t\t\n\t\t>\n<div class=\"siteorigin-widget-tinymce textwidget\">\n\t<h4 style=\"text-align: center;\">A food allergy is a major public health problem and the Restaurant Di Gusto takes it very seriously.<\/h4>\n<\/div>\n<\/div><\/div><\/div><\/div><div id=\"pg-gb321-6a01dbdc22290-1\"  class=\"panel-grid panel-no-style\" ><div id=\"pgc-gb321-6a01dbdc22290-1-0\"  class=\"panel-grid-cell\" ><div id=\"panel-gb321-6a01dbdc22290-1-0-0\" class=\"so-panel widget widget_sow-image panel-first-child panel-last-child\" data-index=\"1\" ><div\n\t\t\t\n\t\t\tclass=\"so-widget-sow-image so-widget-sow-image-default-c67d20f9f743-321\"\n\t\t\t\n\t\t>\n\n<div class=\"sow-image-container\">\n\t\t<img decoding=\"async\" src=\"https:\/\/digusto.pt\/wp-content\/uploads\/2020\/05\/Alerg\u00e9nicos.jpg\" width=\"400\" height=\"295\" srcset=\"https:\/\/digusto.pt\/wp-content\/uploads\/2020\/05\/Alerg\u00e9nicos.jpg 400w, https:\/\/digusto.pt\/wp-content\/uploads\/2020\/05\/Alerg\u00e9nicos-300x221.jpg 300w, https:\/\/digusto.pt\/wp-content\/uploads\/2020\/05\/Alerg\u00e9nicos-200x148.jpg 200w\" sizes=\"(max-width: 400px) 100vw, 400px\" alt=\"\" \t\tclass=\"so-widget-image\"\/>\n\t<\/div>\n\n<\/div><\/div><\/div><div id=\"pgc-gb321-6a01dbdc22290-1-1\"  class=\"panel-grid-cell\" ><div id=\"panel-gb321-6a01dbdc22290-1-1-0\" class=\"so-panel widget widget_sow-editor panel-first-child panel-last-child\" data-index=\"2\" ><div\n\t\t\t\n\t\t\tclass=\"so-widget-sow-editor so-widget-sow-editor-base\"\n\t\t\t\n\t\t>\n<div class=\"siteorigin-widget-tinymce textwidget\">\n\t<h2 style=\"text-align: center;\">The risks and Foods<\/h2>\n<p style=\"text-align: center;\">All of our dishes may contain traces of allergens are described here:<\/p>\n<p style=\"text-align: center;\">Please<\/p>\n<p style=\"text-align: center;\">Tell us in the fields of information at the time of ordering takeaway if you are allergic to any of the components referred to herein.<\/p>\n<\/div>\n<\/div><\/div><\/div><\/div><\/div>","protected":false},"excerpt":{"rendered":"<p>A alergia alimentar \u00e9 um problema de sa\u00fade p\u00fablica e o Restaurante Di Gusto leva isso muito a s\u00e9rio! Riscos e Alimentos Os nossos pratos podem conter vest\u00edgios dos alerg\u00e9nicos<\/p>","protected":false},"author":1,"featured_media":0,"parent":0,"menu_order":0,"comment_status":"closed","ping_status":"closed","template":"","meta":{"footnotes":""},"aioseo_notices":[],"_links":{"self":[{"href":"https:\/\/digusto.pt\/en\/wp-json\/wp\/v2\/pages\/321"}],"collection":[{"href":"https:\/\/digusto.pt\/en\/wp-json\/wp\/v2\/pages"}],"about":[{"href":"https:\/\/digusto.pt\/en\/wp-json\/wp\/v2\/types\/page"}],"author":[{"embeddable":true,"href":"https:\/\/digusto.pt\/en\/wp-json\/wp\/v2\/users\/1"}],"replies":[{"embeddable":true,"href":"https:\/\/digusto.pt\/en\/wp-json\/wp\/v2\/comments?post=321"}],"version-history":[{"count":0,"href":"https:\/\/digusto.pt\/en\/wp-json\/wp\/v2\/pages\/321\/revisions"}],"wp:attachment":[{"href":"https:\/\/digusto.pt\/en\/wp-json\/wp\/v2\/media?parent=321"}],"curies":[{"name":"wp","href":"https:\/\/api.w.org\/{rel}","templated":true}]}}