{"id":378,"date":"2020-05-16T00:25:40","date_gmt":"2020-05-15T23:25:40","guid":{"rendered":"https:\/\/digusto.pt\/?page_id=378"},"modified":"2024-04-01T16:42:32","modified_gmt":"2024-04-01T15:42:32","slug":"quem-somos","status":"publish","type":"page","link":"https:\/\/digusto.pt\/en\/quem-somos\/","title":{"rendered":"Restaurant Di Gusto"},"content":{"rendered":"<div id=\"pl-gb378-6a01dbdb5067a\"  class=\"panel-layout\" ><div id=\"pg-gb378-6a01dbdb5067a-0\"  class=\"panel-grid panel-no-style\" ><div id=\"pgc-gb378-6a01dbdb5067a-0-0\"  class=\"panel-grid-cell\" ><div id=\"panel-gb378-6a01dbdb5067a-0-0-0\" class=\"so-panel widget widget_sow-image panel-first-child panel-last-child\" data-index=\"0\" ><div\n\t\t\t\n\t\t\tclass=\"so-widget-sow-image so-widget-sow-image-default-6ec9e3772f75-378\"\n\t\t\t\n\t\t>\n\n<div class=\"sow-image-container\">\n\t\t<img title=\"Restaurant Di Gusto\" alt=\"\" \t\tclass=\"so-widget-image\"\/>\n\t<\/div>\n\n<\/div><\/div><\/div><\/div><\/div>\n\n\n<p class=\"has-text-align-center\">We are an Italian Food, Sushi and Vegetarian\/Vegan Food Restaurant and we are located at Rua Eng. Ant\u00f3nio Jos\u00e9 Souto Barreiros Mota, in Santar\u00e9m. Our proud is the quality products cooked with care and dedication and an hospitable service.<\/p>\n\n\n<div id=\"pl-gb378-6a01dbdb512b2\"  class=\"panel-layout\" ><div id=\"pg-gb378-6a01dbdb512b2-0\"  class=\"panel-grid panel-no-style\" ><div id=\"pgc-gb378-6a01dbdb512b2-0-0\"  class=\"panel-grid-cell\" ><div id=\"panel-gb378-6a01dbdb512b2-0-0-0\" class=\"so-panel widget widget_sow-image panel-first-child panel-last-child\" data-index=\"0\" ><div\n\t\t\t\n\t\t\tclass=\"so-widget-sow-image so-widget-sow-image-default-a258e6bfa2d8-378\"\n\t\t\t\n\t\t>\n\n<div class=\"sow-image-container\">\n\t\t<img decoding=\"async\" src=\"https:\/\/digusto.pt\/wp-content\/uploads\/2020\/05\/quem-somos-imagem-cima.jpg\" width=\"1200\" height=\"500\" srcset=\"https:\/\/digusto.pt\/wp-content\/uploads\/2020\/05\/quem-somos-imagem-cima.jpg 1200w, https:\/\/digusto.pt\/wp-content\/uploads\/2020\/05\/quem-somos-imagem-cima-300x125.jpg 300w, https:\/\/digusto.pt\/wp-content\/uploads\/2020\/05\/quem-somos-imagem-cima-1024x427.jpg 1024w, https:\/\/digusto.pt\/wp-content\/uploads\/2020\/05\/quem-somos-imagem-cima-768x320.jpg 768w, https:\/\/digusto.pt\/wp-content\/uploads\/2020\/05\/quem-somos-imagem-cima-200x83.jpg 200w\" sizes=\"(max-width: 1200px) 100vw, 1200px\" alt=\"\" \t\tclass=\"so-widget-image\"\/>\n\t<\/div>\n\n<\/div><\/div><\/div><\/div><div id=\"pg-gb378-6a01dbdb512b2-1\"  class=\"panel-grid panel-no-style\" ><div id=\"pgc-gb378-6a01dbdb512b2-1-0\"  class=\"panel-grid-cell\" ><div id=\"panel-gb378-6a01dbdb512b2-1-0-0\" class=\"so-panel widget widget_sow-editor panel-first-child panel-last-child\" data-index=\"1\" ><div\n\t\t\t\n\t\t\tclass=\"so-widget-sow-editor so-widget-sow-editor-base\"\n\t\t\t\n\t\t>\n<div class=\"siteorigin-widget-tinymce textwidget\">\n\t<h2 style=\"text-align: center;\"><span style=\"color: #b39e66;\">Why Di Gusto?<\/span><\/h2>\n<\/div>\n<\/div><\/div><\/div><\/div><div id=\"pg-gb378-6a01dbdb512b2-2\"  class=\"panel-grid panel-no-style\" ><div id=\"pgc-gb378-6a01dbdb512b2-2-0\"  class=\"panel-grid-cell\" ><div id=\"panel-gb378-6a01dbdb512b2-2-0-0\" class=\"so-panel widget widget_sow-features panel-first-child panel-last-child\" data-index=\"2\" ><div\n\t\t\t\n\t\t\tclass=\"so-widget-sow-features so-widget-sow-features-default-81365e01cbda-378\"\n\t\t\t\n\t\t>\n<div class=\"sow-features-list sow-features-responsive\">\n\n\t\t\t\t\t\t\t\t\t<div\n\t\t\t\tclass=\"sow-features-feature sow-icon-container-position-top\"\n\t\t\t\tstyle=\"display: flex; flex-direction: column; width: calc(25% - 25px);\"\n\t\t\t>\n\t\t\t\n\t\t\t\t\t\t\t\t<div\n\t\t\t\t\tclass=\"sow-icon-container sow-container-round\"\n\t\t\t\t\tstyle=\"color: #ffffff; \"\n\t\t\t\t\t\t\t\t\t>\n\t\t\t\t\t<span class=\"sow-icon-ionicons\" data-sow-icon=\"&#xf370;\"\n\t\tstyle=\"font-size: 45px; color: #b39e66\" \n\t\taria-hidden=\"true\"><\/span>\t\t\t\t<\/div>\n\t\t\t\t\n\t\t\t\t<div class=\"textwidget\">\n\t\t\t\t\t\n\t\t\t\t\t\t\t\t\t\t\t<h5>\n\t\t\t\t\t\t\t\n\t\t\t\t\t\t\tFresh Products\t\t\t\t\t\t\t\t\t\t\t\t\t<\/h5>\n\t\t\t\t\t\n\t\t\t\t\t\n\t\t\t\t\t\t\t\t\t<\/div>\n\t\t\t\t\t\t\t\t\n\t\t\t\t\t\t\t<\/div>\n\n\t\t\t\t\t\t\t\t<div\n\t\t\t\tclass=\"sow-features-feature sow-icon-container-position-top\"\n\t\t\t\tstyle=\"display: flex; flex-direction: column; width: calc(25% - 25px);\"\n\t\t\t>\n\t\t\t\n\t\t\t\t\t\t\t\t<div\n\t\t\t\t\tclass=\"sow-icon-container sow-container-round\"\n\t\t\t\t\tstyle=\"color: #ffffff; \"\n\t\t\t\t\t\t\t\t\t>\n\t\t\t\t\t<span class=\"sow-icon-icomoon\" data-sow-icon=\"&#xe9a3;\"\n\t\tstyle=\"font-size: 45px; color: #b39e66\" \n\t\taria-hidden=\"true\"><\/span>\t\t\t\t<\/div>\n\t\t\t\t\n\t\t\t\t<div class=\"textwidget\">\n\t\t\t\t\t\n\t\t\t\t\t\t\t\t\t\t\t<h5>\n\t\t\t\t\t\t\t\n\t\t\t\t\t\t\tDelicious Food\t\t\t\t\t\t\t\t\t\t\t\t\t<\/h5>\n\t\t\t\t\t\n\t\t\t\t\t\n\t\t\t\t\t\t\t\t\t<\/div>\n\t\t\t\t\t\t\t\t\n\t\t\t\t\t\t\t<\/div>\n\n\t\t\t\t\t\t\t\t<div\n\t\t\t\tclass=\"sow-features-feature sow-icon-container-position-top\"\n\t\t\t\tstyle=\"display: flex; flex-direction: column; width: calc(25% - 25px);\"\n\t\t\t>\n\t\t\t\n\t\t\t\t\t\t\t\t<div\n\t\t\t\t\tclass=\"sow-icon-container sow-container-round\"\n\t\t\t\t\tstyle=\"color: #ffffff; \"\n\t\t\t\t\t\t\t\t\t>\n\t\t\t\t\t<span class=\"sow-icon-fontawesome sow-far\" data-sow-icon=\"&#xf584;\"\n\t\tstyle=\"font-size: 45px; color: #b39e66\" \n\t\taria-hidden=\"true\"><\/span>\t\t\t\t<\/div>\n\t\t\t\t\n\t\t\t\t<div class=\"textwidget\">\n\t\t\t\t\t\n\t\t\t\t\t\t\t\t\t\t\t<h5>\n\t\t\t\t\t\t\t\n\t\t\t\t\t\t\tFriendly Staff\t\t\t\t\t\t\t\t\t\t\t\t\t<\/h5>\n\t\t\t\t\t\n\t\t\t\t\t\n\t\t\t\t\t\t\t\t\t<\/div>\n\t\t\t\t\t\t\t\t\n\t\t\t\t\t\t\t<\/div>\n\n\t\t\t\t\t\t\t\t<div\n\t\t\t\tclass=\"sow-features-feature sow-icon-container-position-top\"\n\t\t\t\tstyle=\"display: flex; flex-direction: column; width: calc(25% - 25px);\"\n\t\t\t>\n\t\t\t\n\t\t\t\t\t\t\t\t<div\n\t\t\t\t\tclass=\"sow-icon-container sow-container-round\"\n\t\t\t\t\tstyle=\"color: #ffffff; \"\n\t\t\t\t\t\t\t\t\t>\n\t\t\t\t\t<span class=\"sow-icon-fontawesome sow-far\" data-sow-icon=\"&#xf086;\"\n\t\tstyle=\"font-size: 45px; color: #b39e66\" \n\t\taria-hidden=\"true\"><\/span>\t\t\t\t<\/div>\n\t\t\t\t\n\t\t\t\t<div class=\"textwidget\">\n\t\t\t\t\t\n\t\t\t\t\t\t\t\t\t\t\t<h5>\n\t\t\t\t\t\t\t\n\t\t\t\t\t\t\tA Relaxing Environment\t\t\t\t\t\t\t\t\t\t\t\t\t<\/h5>\n\t\t\t\t\t\n\t\t\t\t\t\n\t\t\t\t\t\t\t\t\t<\/div>\n\t\t\t\t\t\t\t\t\n\t\t\t\t\t\t\t<\/div>\n\n\t\t\t\n<\/div>\n<\/div><\/div><\/div><\/div><div id=\"pg-gb378-6a01dbdb512b2-3\"  class=\"panel-grid panel-no-style\" ><div id=\"pgc-gb378-6a01dbdb512b2-3-0\"  class=\"panel-grid-cell\" ><div id=\"panel-gb378-6a01dbdb512b2-3-0-0\" class=\"so-panel widget widget_sow-editor panel-first-child panel-last-child\" data-index=\"3\" ><div\n\t\t\t\n\t\t\tclass=\"so-widget-sow-editor so-widget-sow-editor-base\"\n\t\t\t\n\t\t>\n<div class=\"siteorigin-widget-tinymce textwidget\">\n\t<h2 style=\"text-align: center;\"><span style=\"color: #b39e66;\">Our Terrace<\/span><\/h2>\n<\/div>\n<\/div><\/div><\/div><\/div><div id=\"pg-gb378-6a01dbdb512b2-4\"  class=\"panel-grid panel-no-style\" ><div id=\"pgc-gb378-6a01dbdb512b2-4-0\"  class=\"panel-grid-cell\" ><div id=\"panel-gb378-6a01dbdb512b2-4-0-0\" class=\"so-panel widget widget_sow-image panel-first-child panel-last-child\" data-index=\"4\" ><div\n\t\t\t\n\t\t\tclass=\"so-widget-sow-image so-widget-sow-image-default-c67d20f9f743-378\"\n\t\t\t\n\t\t>\n\n<div class=\"sow-image-container\">\n\t\t<img decoding=\"async\" src=\"https:\/\/digusto.pt\/wp-content\/uploads\/2020\/05\/esplanada-digusto-1.jpg\" width=\"700\" height=\"314\" srcset=\"https:\/\/digusto.pt\/wp-content\/uploads\/2020\/05\/esplanada-digusto-1.jpg 700w, https:\/\/digusto.pt\/wp-content\/uploads\/2020\/05\/esplanada-digusto-1-300x135.jpg 300w, https:\/\/digusto.pt\/wp-content\/uploads\/2020\/05\/esplanada-digusto-1-200x90.jpg 200w\" sizes=\"(max-width: 700px) 100vw, 700px\" title=\"esplanada digusto\" alt=\"\" \t\tclass=\"so-widget-image\"\/>\n\t<\/div>\n\n<\/div><\/div><\/div><\/div><div id=\"pg-gb378-6a01dbdb512b2-5\"  class=\"panel-grid panel-no-style\" ><div id=\"pgc-gb378-6a01dbdb512b2-5-0\"  class=\"panel-grid-cell\" ><div id=\"panel-gb378-6a01dbdb512b2-5-0-0\" class=\"so-panel widget widget_sow-editor panel-first-child panel-last-child\" data-index=\"5\" ><div\n\t\t\t\n\t\t\tclass=\"so-widget-sow-editor so-widget-sow-editor-base\"\n\t\t\t\n\t\t>\n<div class=\"siteorigin-widget-tinymce textwidget\">\n\t<h2 style=\"text-align: center;\"><span style=\"color: #b39e66;\">Some facilities<\/span><\/h2>\n<\/div>\n<\/div><\/div><\/div><\/div><div id=\"pg-gb378-6a01dbdb512b2-6\"  class=\"panel-grid panel-no-style\" ><div id=\"pgc-gb378-6a01dbdb512b2-6-0\"  class=\"panel-grid-cell\" ><div id=\"panel-gb378-6a01dbdb512b2-6-0-0\" class=\"so-panel widget widget_sow-features panel-first-child panel-last-child\" data-index=\"6\" ><div\n\t\t\t\n\t\t\tclass=\"so-widget-sow-features so-widget-sow-features-default-81365e01cbda-378\"\n\t\t\t\n\t\t>\n<div class=\"sow-features-list sow-features-responsive\">\n\n\t\t\t\t\t\t\t\t\t<div\n\t\t\t\tclass=\"sow-features-feature sow-icon-container-position-top\"\n\t\t\t\tstyle=\"display: flex; flex-direction: column; width: calc(25% - 25px);\"\n\t\t\t>\n\t\t\t\n\t\t\t\t\t\t\t\t<div\n\t\t\t\t\tclass=\"sow-icon-container sow-container-round\"\n\t\t\t\t\tstyle=\"color: #ffffff; \"\n\t\t\t\t\t\t\t\t\t>\n\t\t\t\t\t<span class=\"sow-icon-ionicons\" data-sow-icon=\"&#xf25c;\"\n\t\tstyle=\"font-size: 45px; color: #b39e66\" \n\t\taria-hidden=\"true\"><\/span>\t\t\t\t<\/div>\n\t\t\t\t\n\t\t\t\t<div class=\"textwidget\">\n\t\t\t\t\t\n\t\t\t\t\t\t\t\t\t\t\t<h5>\n\t\t\t\t\t\t\t\n\t\t\t\t\t\t\tFree Wi-Fi\t\t\t\t\t\t\t\t\t\t\t\t\t<\/h5>\n\t\t\t\t\t\n\t\t\t\t\t\n\t\t\t\t\t\t\t\t\t<\/div>\n\t\t\t\t\t\t\t\t\n\t\t\t\t\t\t\t<\/div>\n\n\t\t\t\t\t\t\t\t<div\n\t\t\t\tclass=\"sow-features-feature sow-icon-container-position-top\"\n\t\t\t\tstyle=\"display: flex; flex-direction: column; width: calc(25% - 25px);\"\n\t\t\t>\n\t\t\t\n\t\t\t\t\t\t\t\t<div\n\t\t\t\t\tclass=\"sow-icon-container sow-container-round\"\n\t\t\t\t\tstyle=\"color: #ffffff; \"\n\t\t\t\t\t\t\t\t\t>\n\t\t\t\t\t<span class=\"sow-icon-ionicons\" data-sow-icon=\"&#xf36f;\"\n\t\tstyle=\"font-size: 45px; color: #b39e66\" \n\t\taria-hidden=\"true\"><\/span>\t\t\t\t<\/div>\n\t\t\t\t\n\t\t\t\t<div class=\"textwidget\">\n\t\t\t\t\t\n\t\t\t\t\t\t\t\t\t\t\t<h5>\n\t\t\t\t\t\t\t\n\t\t\t\t\t\t\tFree Parking\t\t\t\t\t\t\t\t\t\t\t\t\t<\/h5>\n\t\t\t\t\t\n\t\t\t\t\t\n\t\t\t\t\t\t\t\t\t<\/div>\n\t\t\t\t\t\t\t\t\n\t\t\t\t\t\t\t<\/div>\n\n\t\t\t\t\t\t\t\t<div\n\t\t\t\tclass=\"sow-features-feature sow-icon-container-position-top\"\n\t\t\t\tstyle=\"display: flex; flex-direction: column; width: calc(25% - 25px);\"\n\t\t\t>\n\t\t\t\n\t\t\t\t\t\t\t\t<div\n\t\t\t\t\tclass=\"sow-icon-container sow-container-round\"\n\t\t\t\t\tstyle=\"color: #ffffff; \"\n\t\t\t\t\t\t\t\t\t>\n\t\t\t\t\t<span class=\"sow-icon-icomoon\" data-sow-icon=\"&#xe96f;\"\n\t\tstyle=\"font-size: 45px; color: #b39e66\" \n\t\taria-hidden=\"true\"><\/span>\t\t\t\t<\/div>\n\t\t\t\t\n\t\t\t\t<div class=\"textwidget\">\n\t\t\t\t\t\n\t\t\t\t\t\t\t\t\t\t\t<h5>\n\t\t\t\t\t\t\t\n\t\t\t\t\t\t\tOutside Terrace\t\t\t\t\t\t\t\t\t\t\t\t\t<\/h5>\n\t\t\t\t\t\n\t\t\t\t\t\n\t\t\t\t\t\t\t\t\t<\/div>\n\t\t\t\t\t\t\t\t\n\t\t\t\t\t\t\t<\/div>\n\n\t\t\t\t\t\t\t\t<div\n\t\t\t\tclass=\"sow-features-feature sow-icon-container-position-top\"\n\t\t\t\tstyle=\"display: flex; flex-direction: column; width: calc(25% - 25px);\"\n\t\t\t>\n\t\t\t\n\t\t\t\t\t\t\t\t<div\n\t\t\t\t\tclass=\"sow-icon-container sow-container-round\"\n\t\t\t\t\tstyle=\"color: #ffffff; \"\n\t\t\t\t\t\t\t\t\t>\n\t\t\t\t\t<span class=\"sow-icon-fontawesome sow-far\" data-sow-icon=\"&#xf588;\"\n\t\tstyle=\"font-size: 45px; color: #b39e66\" \n\t\taria-hidden=\"true\"><\/span>\t\t\t\t<\/div>\n\t\t\t\t\n\t\t\t\t<div class=\"textwidget\">\n\t\t\t\t\t\n\t\t\t\t\t\t\t\t\t\t\t<h5>\n\t\t\t\t\t\t\t\n\t\t\t\t\t\t\tChildren's Zone\t\t\t\t\t\t\t\t\t\t\t\t\t<\/h5>\n\t\t\t\t\t\n\t\t\t\t\t\n\t\t\t\t\t\t\t\t\t<\/div>\n\t\t\t\t\t\t\t\t\n\t\t\t\t\t\t\t<\/div>\n\n\t\t\t\n<\/div>\n<\/div><\/div><\/div><\/div><\/div>\n\n\n<p><\/p>","protected":false},"excerpt":{"rendered":"<p>Somos um Restaurante de Comida Italiana, Sushi e Comida Vegetariana\/Vegan e estamos na Rua Eng. Ant\u00f3nio Jos\u00e9 Souto Barreiros Mota, em Santar\u00e9m. A base s\u00e3o produtos de qualidade cozinhados com<\/p>","protected":false},"author":1,"featured_media":0,"parent":0,"menu_order":0,"comment_status":"closed","ping_status":"closed","template":"","meta":{"footnotes":""},"aioseo_notices":[],"_links":{"self":[{"href":"https:\/\/digusto.pt\/en\/wp-json\/wp\/v2\/pages\/378"}],"collection":[{"href":"https:\/\/digusto.pt\/en\/wp-json\/wp\/v2\/pages"}],"about":[{"href":"https:\/\/digusto.pt\/en\/wp-json\/wp\/v2\/types\/page"}],"author":[{"embeddable":true,"href":"https:\/\/digusto.pt\/en\/wp-json\/wp\/v2\/users\/1"}],"replies":[{"embeddable":true,"href":"https:\/\/digusto.pt\/en\/wp-json\/wp\/v2\/comments?post=378"}],"version-history":[{"count":7,"href":"https:\/\/digusto.pt\/en\/wp-json\/wp\/v2\/pages\/378\/revisions"}],"predecessor-version":[{"id":15291,"href":"https:\/\/digusto.pt\/en\/wp-json\/wp\/v2\/pages\/378\/revisions\/15291"}],"wp:attachment":[{"href":"https:\/\/digusto.pt\/en\/wp-json\/wp\/v2\/media?parent=378"}],"curies":[{"name":"wp","href":"https:\/\/api.w.org\/{rel}","templated":true}]}}